{"id":352,"date":"2024-01-31T10:35:26","date_gmt":"2024-01-31T10:35:26","guid":{"rendered":"https:\/\/aladanza.com\/estayes\/"},"modified":"2024-02-28T09:58:24","modified_gmt":"2024-02-28T09:58:24","slug":"estayes","status":"publish","type":"page","link":"https:\/\/aladanza.com\/ast-es\/estayes\/","title":{"rendered":"Estayes"},"content":{"rendered":"<p>[et_pb_section fb_built=&#8221;1&#8243; admin_label=&#8221;Header&#8221; _builder_version=&#8221;4.21.0&#8243; _module_preset=&#8221;default&#8221; custom_padding=&#8221;||17px|||&#8221; collapsed=&#8221;on&#8221; global_colors_info=&#8221;{}&#8221;][et_pb_row _builder_version=&#8221;4.21.0&#8243; _module_preset=&#8221;default&#8221; global_colors_info=&#8221;{}&#8221;][et_pb_column type=&#8221;4_4&#8243; _builder_version=&#8221;4.21.0&#8243; _module_preset=&#8221;default&#8221; global_colors_info=&#8221;{}&#8221;][et_pb_text _builder_version=&#8221;4.24.0&#8243; _module_preset=&#8221;_initial&#8221; header_font=&#8221;Libre Franklin|200||on|||||&#8221; header_text_color=&#8221;#0079c0&#8243; header_font_size=&#8221;80px&#8221; header_line_height=&#8221;1.2em&#8221; header_font_size_tablet=&#8221;40px&#8221; header_font_size_phone=&#8221;24px&#8221; header_font_size_last_edited=&#8221;on|phone&#8221; locked=&#8221;off&#8221; global_colors_info=&#8221;{}&#8221;]<\/p>\n<h1>Esta<span>yes<\/span> de trabayu<\/h1>\n<p>&nbsp;<\/p>\n<p>[\/et_pb_text][\/et_pb_column][\/et_pb_row][et_pb_row _builder_version=&#8221;4.21.0&#8243; _module_preset=&#8221;default&#8221; global_colors_info=&#8221;{}&#8221;][et_pb_column type=&#8221;4_4&#8243; _builder_version=&#8221;4.21.0&#8243; _module_preset=&#8221;default&#8221; global_colors_info=&#8221;{}&#8221;][et_pb_text _builder_version=&#8221;4.24.0&#8243; _module_preset=&#8221;_initial&#8221; text_font=&#8221;Libre Franklin|300|||||||&#8221; text_font_size=&#8221;18px&#8221; text_line_height=&#8221;1.8em&#8221; header_font_size=&#8221;27px&#8221; text_font_size_tablet=&#8221;15px&#8221; text_font_size_phone=&#8221;14px&#8221; text_font_size_last_edited=&#8221;on|desktop&#8221; global_colors_info=&#8221;{}&#8221;]<\/p>\n<p>Los seres humanos somos como los \u00e1rboles. Cuanto m\u00e1s fuerte ye&#8217;l nuestru raig\u00f3n m\u00e1s alto podemos espoxigar. Pro n&#8217;<strong>ALADANZA<\/strong> consideramos bien importante conocer los nuesos raiga\u00f1os, d&#8217;\u00f3nde venimos. Y que la conocencia de la tradici\u00f3n s\u00eda unu de los elementos que trabaye l&#8217;enraigono, qu&#8217;utilizamos como sustentu del desenvolvimientu integral de la persona emplegando los recursos y conocencies que nos brinden les pedagox\u00edes actuales. Dende la diversid\u00e1, la integraci\u00f3n y la convivencia.<\/p>\n<p>Para consiguilo, llevamos a cabu m\u00faltiples actividaes que s&#8217;arrexunten en tr\u00e9s \u00e1rees principales de trabayu:<\/p>\n<p>[\/et_pb_text][\/et_pb_column][\/et_pb_row][\/et_pb_section][et_pb_section fb_built=&#8221;1&#8243; _builder_version=&#8221;4.24.0&#8243; _module_preset=&#8221;default&#8221; custom_padding=&#8221;2px|||||&#8221; global_colors_info=&#8221;{}&#8221;][et_pb_row column_structure=&#8221;1_3,1_3,1_3&#8243; make_equal=&#8221;on&#8221; _builder_version=&#8221;4.24.0&#8243; _module_preset=&#8221;default&#8221; hover_enabled=&#8221;0&#8243; global_colors_info=&#8221;{}&#8221; sticky_enabled=&#8221;0&#8243;][et_pb_column type=&#8221;1_3&#8243; _builder_version=&#8221;4.24.0&#8243; _module_preset=&#8221;default&#8221; background_color=&#8221;#FFFFFF&#8221; background_enable_image=&#8221;off&#8221; custom_padding=&#8221;1em|1em|1em|1em|true|true&#8221; hover_enabled=&#8221;0&#8243; border_width_all=&#8221;2px&#8221; border_color_all=&#8221;#0079c0&#8243; border_style_all=&#8221;dashed&#8221; border_width_top=&#8221;0px&#8221; border_style_top=&#8221;dashed&#8221; border_width_left=&#8221;0px&#8221; box_shadow_style=&#8221;preset4&#8243; box_shadow_color=&#8221;#358937&#8243; global_colors_info=&#8221;{}&#8221; sticky_enabled=&#8221;0&#8243;][et_pb_button button_url=&#8221;#estaya1&#8243; button_text=&#8221;Desenvolvimientu y realizaci\u00f3n de programes educativos infantiles&#8221; button_alignment=&#8221;center&#8221; _builder_version=&#8221;4.24.0&#8243; _module_preset=&#8221;default&#8221; custom_button=&#8221;on&#8221; button_text_size=&#8221;16px&#8221; button_text_color=&#8221;#0079c0&#8243; button_border_width=&#8221;0px&#8221; button_border_color=&#8221;#FFFFFF&#8221; button_border_radius=&#8221;34px&#8221; button_font=&#8221;Libre Franklin|700||on|||||&#8221; button_use_icon=&#8221;off&#8221; custom_padding=&#8221;10px|15px|10px|15px|true|true&#8221; hover_enabled=&#8221;0&#8243; global_colors_info=&#8221;{}&#8221; sticky_enabled=&#8221;0&#8243;][\/et_pb_button][\/et_pb_column][et_pb_column type=&#8221;1_3&#8243; _builder_version=&#8221;4.24.0&#8243; _module_preset=&#8221;default&#8221; background_color=&#8221;#FFFFFF&#8221; background_enable_image=&#8221;off&#8221; custom_padding=&#8221;1em|1em|1em|1em|true|true&#8221; hover_enabled=&#8221;0&#8243; border_width_all=&#8221;2px&#8221; border_color_all=&#8221;#0079c0&#8243; border_style_all=&#8221;dashed&#8221; border_width_top=&#8221;0px&#8221; border_style_top=&#8221;dashed&#8221; border_width_left=&#8221;0px&#8221; box_shadow_style=&#8221;preset4&#8243; box_shadow_color=&#8221;#358937&#8243; global_colors_info=&#8221;{}&#8221;][et_pb_button button_url=&#8221;#estaya2&#8243; button_text=&#8221;Espardimientu de la cultura tradicional asturiana&#8221; button_alignment=&#8221;center&#8221; _builder_version=&#8221;4.24.0&#8243; _module_preset=&#8221;default&#8221; custom_button=&#8221;on&#8221; button_text_size=&#8221;16px&#8221; button_text_color=&#8221;#0079c0&#8243; button_border_width=&#8221;0px&#8221; button_border_color=&#8221;#FFFFFF&#8221; button_border_radius=&#8221;34px&#8221; button_font=&#8221;Libre Franklin|700||on|||||&#8221; button_use_icon=&#8221;off&#8221; custom_margin=&#8221;1em||||false|false&#8221; custom_padding=&#8221;10px|15px|10px|15px|true|true&#8221; global_colors_info=&#8221;{}&#8221;][\/et_pb_button][\/et_pb_column][et_pb_column type=&#8221;1_3&#8243; _builder_version=&#8221;4.24.0&#8243; _module_preset=&#8221;default&#8221; background_color=&#8221;#FFFFFF&#8221; background_enable_image=&#8221;off&#8221; custom_padding=&#8221;1em|1em|1em|1em|true|true&#8221; hover_enabled=&#8221;0&#8243; border_width_all=&#8221;2px&#8221; border_color_all=&#8221;#0079c0&#8243; border_style_all=&#8221;dashed&#8221; border_width_top=&#8221;0px&#8221; border_style_top=&#8221;dashed&#8221; border_width_left=&#8221;0px&#8221; box_shadow_style=&#8221;preset4&#8243; box_shadow_color=&#8221;#358937&#8243; global_colors_info=&#8221;{}&#8221;][et_pb_button button_url=&#8221;#estaya3&#8243; button_text=&#8221;Actividaes de danza, m\u00fasica y bienestar pa persones adultes.&#8221; button_alignment=&#8221;center&#8221; _builder_version=&#8221;4.24.0&#8243; _module_preset=&#8221;default&#8221; custom_button=&#8221;on&#8221; button_text_size=&#8221;16px&#8221; button_text_color=&#8221;#0079c0&#8243; button_border_width=&#8221;0px&#8221; button_border_color=&#8221;#FFFFFF&#8221; button_border_radius=&#8221;34px&#8221; button_font=&#8221;Libre Franklin|700||on|||||&#8221; button_use_icon=&#8221;off&#8221; custom_padding=&#8221;10px|15px|10px|15px|true|true&#8221; global_colors_info=&#8221;{}&#8221;][\/et_pb_button][\/et_pb_column][\/et_pb_row][\/et_pb_section][et_pb_section fb_built=&#8221;1&#8243; admin_label=&#8221;Feature&#8221; _builder_version=&#8221;4.21.0&#8243; _module_preset=&#8221;default&#8221; locked=&#8221;off&#8221; collapsed=&#8221;on&#8221; global_colors_info=&#8221;{}&#8221;][et_pb_row column_structure=&#8221;2_5,3_5&#8243; module_id=&#8221;estaya1&#8243; _builder_version=&#8221;4.24.0&#8243; _module_preset=&#8221;default&#8221; custom_margin=&#8221;||5em||false|false&#8221; locked=&#8221;off&#8221; global_colors_info=&#8221;{}&#8221;][et_pb_column type=&#8221;2_5&#8243; _builder_version=&#8221;4.21.0&#8243; _module_preset=&#8221;default&#8221; background_enable_image=&#8221;off&#8221; global_colors_info=&#8221;{}&#8221;][et_pb_image src=&#8221;https:\/\/aladanza.com\/wp-content\/uploads\/2024\/02\/promocion-llingua.jpg&#8221; alt=&#8221;Actividaes de promoci\u00f3n de la llingua asturiana&#8221; title_text=&#8221;promocion llingua&#8221; _builder_version=&#8221;4.24.0&#8243; _module_preset=&#8221;default&#8221; global_colors_info=&#8221;{}&#8221;][\/et_pb_image][et_pb_image src=&#8221;https:\/\/aladanza.com\/wp-content\/uploads\/2024\/02\/difusion-cultura-2-1.jpg&#8221; alt=&#8221;Cultura pa p\u00fablicu infantil n&apos;Asturies&#8221; title_text=&#8221;difusion cultura 2 (1)&#8221; _builder_version=&#8221;4.24.0&#8243; _module_preset=&#8221;default&#8221; global_colors_info=&#8221;{}&#8221;][\/et_pb_image][\/et_pb_column][et_pb_column type=&#8221;3_5&#8243; _builder_version=&#8221;4.21.0&#8243; _module_preset=&#8221;default&#8221; z_index=&#8221;10&#8243; global_colors_info=&#8221;{}&#8221;][et_pb_text _builder_version=&#8221;4.24.0&#8243; _module_preset=&#8221;_initial&#8221; header_2_font=&#8221;Libre Franklin|||on|||||&#8221; header_2_text_color=&#8221;#0079c0&#8243; header_2_line_height=&#8221;1.2em&#8221; header_2_font_size_tablet=&#8221;32px&#8221; header_2_font_size_phone=&#8221;20px&#8221; header_2_font_size_last_edited=&#8221;on|desktop&#8221; global_colors_info=&#8221;{}&#8221;]<\/p>\n<h2>\u2756 Desarrollu de programes educativos pa la reciella<\/h2>\n<p>[\/et_pb_text][et_pb_text _builder_version=&#8221;4.24.0&#8243; _module_preset=&#8221;_initial&#8221; text_font=&#8221;Nunito|300|||||||&#8221; text_font_size=&#8221;18px&#8221; text_line_height=&#8221;1.8em&#8221; ul_line_height=&#8221;1.8em&#8221; text_font_size_tablet=&#8221;16px&#8221; text_font_size_phone=&#8221;14px&#8221; text_font_size_last_edited=&#8221;on|desktop&#8221; global_colors_info=&#8221;{}&#8221;]<\/p>\n<p>Impartimos actividaes nos \u00e1mbitos cultural, de promoci\u00f3n de la iguald\u00e1 y de vezos saludables dise\u00f1aos especialmente para&#8217;l p\u00fablicu infantil. Xeneramos esperiencies interactivas, creatives y risonderes coles qu&#8217;esquizar y aprender.<\/p>\n<p>Equ\u00ed tienes dellos exemplos de los servicios que llevamos a cabu nesta \u00e1rea:<\/p>\n<ul>\n<li aria-level=\"2\">Actividaes d&#8217;espardimientu de la cultura, la hestoria, la educaci\u00f3n n&#8217;iguald\u00e1 y los vezos saludables para&#8217;l Mus\u00e9u de la Ciudadela, para la Oficina de la Iguald\u00e1 y para el Patronatu Deportivu Municipal del Conceyu de Xix\u00f3n. Tami\u00e9n para Llaboral Ciud\u00e1 de la Cultura, el Parque de la Prehistoria y el Centru Asesor de la Muyer de Mieres.<\/li>\n<li aria-level=\"2\">Programes de promoci\u00f3n de la llingua asturiana para la Oficina de Normalizaci\u00f3n Lling\u00fc\u00edstica de Xix\u00f3n, la Estaya de la Llingua d&#8217;Avil\u00e9s y el Serviciu de Normalizaci\u00f3n Lling\u00fc\u00edstica de la Mancomunid\u00e1 Contorna de la Sidra.<\/li>\n<li aria-level=\"2\">Dise\u00f1u, organizaci\u00f3n y impartici\u00f3n de campus multidisciplinares para la infancia en per\u00edodos non lectivos escolares nel Colexu Andolina y para la Fundaci\u00f3n Municipal de Cultura y Educaci\u00f3n del Conceyu de Xix\u00f3n.<\/li>\n<\/ul>\n<ul><\/ul>\n<p>[\/et_pb_text][\/et_pb_column][\/et_pb_row][et_pb_row column_structure=&#8221;3_5,2_5&#8243; module_id=&#8221;estaya2&#8243; _builder_version=&#8221;4.24.0&#8243; _module_preset=&#8221;default&#8221; custom_margin=&#8221;||5em||false|false&#8221; locked=&#8221;off&#8221; global_colors_info=&#8221;{}&#8221;][et_pb_column type=&#8221;3_5&#8243; _builder_version=&#8221;4.21.0&#8243; _module_preset=&#8221;default&#8221; z_index=&#8221;10&#8243; global_colors_info=&#8221;{}&#8221;][et_pb_text _builder_version=&#8221;4.24.0&#8243; _module_preset=&#8221;_initial&#8221; header_2_font=&#8221;Libre Franklin|||on|||||&#8221; header_2_text_color=&#8221;#0079c0&#8243; header_2_line_height=&#8221;1.2em&#8221; header_2_font_size_tablet=&#8221;32px&#8221; header_2_font_size_phone=&#8221;20px&#8221; header_2_font_size_last_edited=&#8221;on|desktop&#8221; global_colors_info=&#8221;{}&#8221;]<\/p>\n<h2>\u2756 Divulgaci\u00f3n de la cultura tradicional asturiana<\/h2>\n<p>[\/et_pb_text][et_pb_text _builder_version=&#8221;4.24.0&#8243; _module_preset=&#8221;_initial&#8221; text_font=&#8221;Nunito|300|||||||&#8221; text_font_size=&#8221;18px&#8221; text_line_height=&#8221;1.8em&#8221; ul_line_height=&#8221;1.8em&#8221; text_font_size_tablet=&#8221;16px&#8221; text_font_size_phone=&#8221;14px&#8221; text_font_size_last_edited=&#8221;on|desktop&#8221; global_colors_info=&#8221;{}&#8221;]<\/p>\n<p>Realizamos actividaes para toles edaes que promueven la conocencia de los elementos m\u00e1s relevantes del folclore asturianu enfatizando el so calter singular y al empar universal.<\/p>\n<p>Danza, m\u00fasica, vestimienta, mitolox\u00eda, arquitectura, gastronom\u00eda, fiestes, ritos, costumes, lliteratura\u2026 son dalgunes de les tem\u00e1tiques qu&#8217;encetamos nos nuesos talleres destinaos a tou tipu de persones y entidaes:<\/p>\n<ul>\n<li aria-level=\"2\">Centros educativos, conceyal\u00edes de cultura, asociaciones culturales, educatives, de folclore y de vecinos, centros asturianos y para la Socied\u00e1 P\u00fablica de Xesti\u00f3n y Promoci\u00f3n Cultural del Princip\u00e1u d&#8217;Asturies dientro del programa \u201cAsturies Cultura en Rede\u201d.<\/li>\n<li aria-level=\"2\">Programes escolares, actividaes de conciliaci\u00f3n familiar y talleres para tolos p\u00fablicos nel Mus\u00e9u del Pueblu d\u2019Asturies.<\/li>\n<li aria-level=\"2\">Actividaes d&#8217;inmersi\u00f3n cultural para axencies de viaxe, festivales, turismu rural y empreses de producci\u00f3n artesanal.<\/li>\n<\/ul>\n<p>[\/et_pb_text][\/et_pb_column][et_pb_column type=&#8221;2_5&#8243; _builder_version=&#8221;4.21.0&#8243; _module_preset=&#8221;default&#8221; background_enable_image=&#8221;off&#8221; global_colors_info=&#8221;{}&#8221;][et_pb_image src=&#8221;https:\/\/aladanza.com\/wp-content\/uploads\/2024\/02\/programas-escolares-mpa.jpg&#8221; alt=&#8221;Actividaes escolares venceyaes a la cultura asturiana&#8221; title_text=&#8221;programes escolares mpa&#8221; _builder_version=&#8221;4.24.0&#8243; _module_preset=&#8221;default&#8221; background_image=&#8221;https:\/\/aladanza.com\/wp-content\/uploads\/2024\/01\/home-decor-22.jpg&#8221; global_colors_info=&#8221;{}&#8221;][\/et_pb_image][et_pb_image src=&#8221;https:\/\/aladanza.com\/wp-content\/uploads\/2024\/02\/actividades-inmersion.jpg&#8221; alt=&#8221;Programes educativos sobre cultura asturiana&#8221; title_text=&#8221;actividaes inmersion&#8221; _builder_version=&#8221;4.24.0&#8243; _module_preset=&#8221;default&#8221; background_image=&#8221;https:\/\/aladanza.com\/wp-content\/uploads\/2024\/01\/home-decor-22.jpg&#8221; global_colors_info=&#8221;{}&#8221;][\/et_pb_image][\/et_pb_column][\/et_pb_row][et_pb_row column_structure=&#8221;2_5,3_5&#8243; module_id=&#8221;estaya3&#8243; _builder_version=&#8221;4.24.0&#8243; _module_preset=&#8221;default&#8221; locked=&#8221;off&#8221; global_colors_info=&#8221;{}&#8221;][et_pb_column type=&#8221;2_5&#8243; _builder_version=&#8221;4.21.0&#8243; _module_preset=&#8221;default&#8221; background_enable_image=&#8221;off&#8221; global_colors_info=&#8221;{}&#8221;][et_pb_image src=&#8221;https:\/\/aladanza.com\/wp-content\/uploads\/2024\/02\/promocion-bienestar-2.jpg&#8221; alt=&#8221;Actividaes de promoci\u00f3n de la llingua asturiana&#8221; title_text=&#8221;promocion bienestar 2&#8243; _builder_version=&#8221;4.24.0&#8243; _module_preset=&#8221;default&#8221; background_image=&#8221;https:\/\/aladanza.com\/wp-content\/uploads\/2024\/01\/home-decor-22.jpg&#8221; global_colors_info=&#8221;{}&#8221;][\/et_pb_image][et_pb_image src=&#8221;https:\/\/aladanza.com\/wp-content\/uploads\/2024\/02\/bienestar-y-gestion-emocional-2.jpg&#8221; alt=&#8221;Actividades de bienestar y xesti\u00f3n emocional en Asturies&#8221; title_text=&#8221;bienestar y gestion emocional 2&#8243; _builder_version=&#8221;4.24.0&#8243; _module_preset=&#8221;default&#8221; global_colors_info=&#8221;{}&#8221;][\/et_pb_image][\/et_pb_column][et_pb_column type=&#8221;3_5&#8243; _builder_version=&#8221;4.21.0&#8243; _module_preset=&#8221;default&#8221; z_index=&#8221;10&#8243; global_colors_info=&#8221;{}&#8221;][et_pb_text _builder_version=&#8221;4.24.0&#8243; _module_preset=&#8221;_initial&#8221; header_2_font=&#8221;Libre Franklin|||on|||||&#8221; header_2_text_color=&#8221;#0079c0&#8243; header_2_line_height=&#8221;1.2em&#8221; header_2_font_size_tablet=&#8221;32px&#8221; header_2_font_size_phone=&#8221;20px&#8221; header_2_font_size_last_edited=&#8221;on|desktop&#8221; global_colors_info=&#8221;{}&#8221;]<\/p>\n<h2>\u2756 Actividaes de danza, m\u00fasica y bienestar pa persones adultes<\/h2>\n<p>[\/et_pb_text][et_pb_text _builder_version=&#8221;4.24.0&#8243; _module_preset=&#8221;_initial&#8221; text_font=&#8221;Nunito|300|||||||&#8221; text_font_size=&#8221;18px&#8221; text_line_height=&#8221;1.8em&#8221; ul_line_height=&#8221;1.8em&#8221; text_font_size_tablet=&#8221;16px&#8221; text_font_size_phone=&#8221;14px&#8221; text_font_size_last_edited=&#8221;on|desktop&#8221; custom_css_free_form=&#8221;ul {margin-top: 1.5em;}&#8221; global_colors_info=&#8221;{}&#8221;]<\/p>\n<p>El movimientu ye fundamental pa caltener la movilid\u00e1 y la calid\u00e1 de vida. Nes nuestres actividaes de danza y m\u00fasica combinen l&#8217;activid\u00e1 f\u00edsica, la estimulaci\u00f3n cognitiva, la espresi\u00f3n emocional y la relaci\u00f3n social.<\/p>\n<p>Tami\u00e9n desenvolvemos cursos espec\u00edficos sobro bienestar, especialmente femen\u00edn, que contribuyan a una vida saludable y pleno.<\/p>\n<ul>\n<li aria-level=\"2\">Cursos de promoci\u00f3n del bienestar femenino al travi\u00e9s de la danza y la m\u00fasica pal programa &#8220;Femen\u00edn y Plural\u201d de la Oficina d&#8217;Iguald\u00e1 del Conceyu de Xix\u00f3n, para l&#8217;asociaci\u00f3n \u201cMuyeres con Tiempu Propiu\u201d y pa la Fundaci\u00f3n Secretari\u00e1u Xitanu de Xix\u00f3n y Mieres.<\/li>\n<li aria-level=\"2\">Talleres sobro bienestar, xesti\u00f3n emocional y corresponsabilidad pa la Fundaci\u00f3n Muyeres, pa la Fundaci\u00f3n Secretari\u00e1u Xitanu de Xix\u00f3n y Mieres y pa la Oficina d&#8217;Iguald\u00e1 del Conceyu de Xix\u00f3n.<\/li>\n<li aria-level=\"2\">Actividaes para avieyar de forma saludable y caltener mente y cuerpu activos en llares de xubilaos, centros de d\u00eda y residencies de vieyos.<\/li>\n<\/ul>\n<p>[\/et_pb_text][\/et_pb_column][\/et_pb_row][\/et_pb_section]<\/p>\n","protected":false},"excerpt":{"rendered":"<p>Estayes de trabayu &nbsp;Los seres humanos somos como los \u00e1rboles. Cuanto m\u00e1s fuerte ye&#8217;l nuestru raig\u00f3n m\u00e1s alto podemos espoxigar. Pro n&#8217;ALADANZA consideramos bien importante conocer los nuesos raiga\u00f1os, d&#8217;\u00f3nde venimos. Y que la conocencia de la tradici\u00f3n s\u00eda unu de los elementos que trabaye l&#8217;enraigono, qu&#8217;utilizamos como sustentu del desenvolvimientu integral de la persona [&hellip;]<\/p>\n","protected":false},"author":1,"featured_media":0,"parent":0,"menu_order":0,"comment_status":"closed","ping_status":"closed","template":"","meta":{"_seopress_robots_primary_cat":"","_seopress_titles_title":"","_seopress_titles_desc":"","_seopress_robots_index":"","_et_pb_use_builder":"on","_et_pb_old_content":"","_et_gb_content_width":"","footnotes":""},"class_list":["post-352","page","type-page","status-publish","hentry"],"_links":{"self":[{"href":"https:\/\/aladanza.com\/ast-es\/wp-json\/wp\/v2\/pages\/352","targetHints":{"allow":["GET"]}}],"collection":[{"href":"https:\/\/aladanza.com\/ast-es\/wp-json\/wp\/v2\/pages"}],"about":[{"href":"https:\/\/aladanza.com\/ast-es\/wp-json\/wp\/v2\/types\/page"}],"author":[{"embeddable":true,"href":"https:\/\/aladanza.com\/ast-es\/wp-json\/wp\/v2\/users\/1"}],"replies":[{"embeddable":true,"href":"https:\/\/aladanza.com\/ast-es\/wp-json\/wp\/v2\/comments?post=352"}],"version-history":[{"count":0,"href":"https:\/\/aladanza.com\/ast-es\/wp-json\/wp\/v2\/pages\/352\/revisions"}],"wp:attachment":[{"href":"https:\/\/aladanza.com\/ast-es\/wp-json\/wp\/v2\/media?parent=352"}],"curies":[{"name":"wp","href":"https:\/\/api.w.org\/{rel}","templated":true}]}}