{"id":344,"date":"2024-01-31T10:51:32","date_gmt":"2024-01-31T10:51:32","guid":{"rendered":"https:\/\/aladanza.com\/metodoloxia\/"},"modified":"2024-02-27T18:34:11","modified_gmt":"2024-02-27T18:34:11","slug":"metodoloxia","status":"publish","type":"page","link":"https:\/\/aladanza.com\/ast-es\/metodoloxia\/","title":{"rendered":"Metodolox\u00eda"},"content":{"rendered":"<p>[et_pb_section fb_built=&#8221;1&#8243; admin_label=&#8221;Header&#8221; _builder_version=&#8221;4.21.0&#8243; _module_preset=&#8221;default&#8221; custom_padding=&#8221;||0px||false|false&#8221; collapsed=&#8221;on&#8221; global_colors_info=&#8221;{}&#8221;][et_pb_row _builder_version=&#8221;4.21.0&#8243; _module_preset=&#8221;default&#8221; global_colors_info=&#8221;{}&#8221;][et_pb_column type=&#8221;4_4&#8243; _builder_version=&#8221;4.21.0&#8243; _module_preset=&#8221;default&#8221; global_colors_info=&#8221;{}&#8221;][et_pb_text _builder_version=&#8221;4.24.0&#8243; _module_preset=&#8221;_initial&#8221; header_font=&#8221;Libre Franklin|300||on|||||&#8221; header_text_color=&#8221;#0079c0&#8243; header_font_size=&#8221;80px&#8221; header_line_height=&#8221;1.2em&#8221; hover_enabled=&#8221;0&#8243; header_font_size_tablet=&#8221;40px&#8221; header_font_size_phone=&#8221;24px&#8221; header_font_size_last_edited=&#8221;on|phone&#8221; global_colors_info=&#8221;{}&#8221; sticky_enabled=&#8221;0&#8243;]<\/p>\n<h1>Me<span>todo<\/span>lox\u00eda<\/h1>\n<div id=\"gtx-trans\" style=\"position: absolute; left: 162px; top: 64.4375px;\">\n<div class=\"gtx-trans-icon\"><\/div>\n<\/div>\n<p>[\/et_pb_text][\/et_pb_column][\/et_pb_row][\/et_pb_section][et_pb_section fb_built=&#8221;1&#8243; admin_label=&#8221;About&#8221; _builder_version=&#8221;4.24.0&#8243; _module_preset=&#8221;default&#8221; collapsed=&#8221;on&#8221; global_colors_info=&#8221;{}&#8221;][et_pb_row column_structure=&#8221;2_5,3_5&#8243; _builder_version=&#8221;4.21.0&#8243; _module_preset=&#8221;default&#8221; global_colors_info=&#8221;{}&#8221;][et_pb_column type=&#8221;2_5&#8243; _builder_version=&#8221;4.21.0&#8243; _module_preset=&#8221;default&#8221; global_colors_info=&#8221;{}&#8221;][et_pb_text _builder_version=&#8221;4.24.0&#8243; _module_preset=&#8221;_initial&#8221; header_2_font=&#8221;Libre Franklin|300|||||||&#8221; header_2_font_size=&#8221;36px&#8221; header_2_line_height=&#8221;1.4em&#8221; header_2_font_size_tablet=&#8221;32px&#8221; header_2_font_size_phone=&#8221;20px&#8221; header_2_font_size_last_edited=&#8221;on|desktop&#8221; custom_css_free_form=&#8221; strong {|| text-transform: uppercase;||  font-weight: 300;||  color: #0079c0;||}||&#8221; global_colors_info=&#8221;{}&#8221;]<\/p>\n<h2>La metodolox\u00eda de <strong>ALADANZA<\/strong> ta inspirada en diverses disciplines educatives, corporales, art\u00edstiques y psicol\u00f3xiques .<\/h2>\n<p>[\/et_pb_text][et_pb_image src=&#8221;https:\/\/aladanza.com\/wp-content\/uploads\/2024\/01\/biesca.jpg&#8221; alt=&#8221;El bosque o biesca&#8221; title_text=&#8221;biesca&#8221; _builder_version=&#8221;4.24.0&#8243; _module_preset=&#8221;default&#8221; global_colors_info=&#8221;{}&#8221;][\/et_pb_image][\/et_pb_column][et_pb_column type=&#8221;3_5&#8243; _builder_version=&#8221;4.21.0&#8243; _module_preset=&#8221;default&#8221; global_colors_info=&#8221;{}&#8221;][et_pb_text module_class=&#8221;pa-bullet-list-1&#8243; _builder_version=&#8221;4.24.0&#8243; _module_preset=&#8221;_initial&#8221; text_font=&#8221;Nunito Sans||||||||&#8221; text_font_size=&#8221;17px&#8221; text_line_height=&#8221;1.8em&#8221; hover_enabled=&#8221;0&#8243; text_font_size_tablet=&#8221;15px&#8221; text_font_size_phone=&#8221;14px&#8221; text_font_size_last_edited=&#8221;on|desktop&#8221; custom_css_free_form=&#8221;\/*bullet checklist by www.peeayecreative.com*\/||.pa-bullet-list-1 ul {||list-style-type: none!important;||}||||.pa-bullet-list-1 ul li:before {||content: &#8216;%9224&#8217;!important;||color: #0079c0;||font-family: &#8216;ETMODULES&#8217;!important;||margin-right: 10px;||margin-left: -29px;||font-size: 1.2em!important;||}||||.pa-bullet-list-1 ul li strong {|| text-transform: uppercase;||  font-weight: 300;||  color: #0079c0;||}||&#8221; global_colors_info=&#8221;{}&#8221; sticky_enabled=&#8221;0&#8243;]<\/p>\n<ul>\n<li>La <strong>Programaci\u00f3n Neurolling\u00fc\u00edstica (PNL) <\/strong>y la <strong>Hipnosis Eriksoniana<\/strong>. La PNL, creada polos psic\u00f3logu Richard Bandler y John Grinder, estudia los procesos de autoconocimiento, comunicaci\u00f3n, aprendizaxe y camb\u00e9u. Y Milton Erickson, m\u00e9dicu psiquiatra, incorpor\u00f3 a la hipnosis cl\u00e1sica nuevos elementos y planteg\u00f3 una forma eficiente y natural d&#8217;hipnosis como aliada \u00fatil nos procesos de camb\u00e9u.<\/li>\n<li>Las t\u00e9cnicas de <strong>Desarrollu Neurofuncional<\/strong> promovidas por autores como Peter Blythe, Harald Blomberg o Jorge Ferrer para ameyorar el funcionamientu del sistema neurol\u00f3xicu de cara a optimizar los procesos d&#8217;aprendizaxe.<\/li>\n<li>La <strong>Psicomotricid\u00e1 Relacional<\/strong>. Autores como Jean Piaget, Henri Wallon, Sigmund Freud, Juli\u00e1n de Ajuriaguerra y principalmente, Bernard Aucouturier, rellacionen el movimientu col desenvolvimientu cognitivu, de manera que los aspeutos motores convertir en medios para&#8217;l desenvolvimientu de funciones cimeres como&#8217;l pensamientu, la comunicaci\u00f3n, l&#8217;afectivid\u00e1 o la creativid\u00e1.<\/li>\n<li>El <strong>modelu sist\u00e9micu<\/strong>, cola Teor\u00eda Xeneral de Sistemes como marcu conceptual, considera a la persona parte d&#8217;un sistema familiar complexu onde tolos sos miembros son interdependientes ya infl\u00fayense rec\u00edprocamente.<\/li>\n<li>El <strong>m\u00e9todu Doman<\/strong>. El ser humanu tien el so mayor potencial d&#8217;intelixencia ente los 0 y 3 a\u00f1os. Prueba d&#8217;ello ye que nesi per\u00edodu adquier unu de los aprendizaxes m\u00e1s complexos de la so vida como ye&#8217;l llinguaxe. Glenn Doman, fisioterapeuta de formaci\u00f3n, estableci\u00f3 procedimientos colos que materializar esti potencial.<\/li>\n<li>La <strong>danza<\/strong>, una de les formes d&#8217;espresi\u00f3n m\u00e1s importante del ser humanu dende&#8217;l principiu de la so esistencia y siempres tuvo presente na vida social de toles cultures.<\/li>\n<li>El <strong>m\u00e9todo Schinca de espresi\u00f3n corporal.<\/strong> Marta Schinca crea un m\u00e9todu de trabayu col que sistematiza la manera de tresmitir los elementos espec\u00edficos del movimientu para esquizar na conocencia del propiu cuerpu y de les sos posibilidaes t\u00e9cnicu y espresivu.<\/li>\n<li>Teor\u00edes d&#8217;aprendizaxe basaes n&#8217;autores como Mar\u00eda Montessori (<strong>aprendizaxe aut\u00f3nomu<\/strong>), David Ausubel (<strong>aprendizaxe significativu<\/strong>) o Lev Vigotsky y Albert Bandura (<strong>aprendizaxe social<\/strong>) que postulen integrar a la persona nel so mediu social y otorga-y les ferramientes necesaries pa ser independientes.<\/li>\n<li>La <strong>intelixencia emocional<\/strong>, conceutu populariz\u00e1u por Daniel Goleman que fai referencia a la capacid\u00e1 para reconocer los sentimientos propiu y ayenu.<\/li>\n<li>El <strong>masaxe infantil<\/strong> como elementu de comunicaci\u00f3n y venceyu, siguiendo la t\u00e9cnica ellaborada por Vimala McClure, col que fomentar los llazos afeutivos ente padres y f\u00edos.<\/li>\n<\/ul>\n<p>[\/et_pb_text][\/et_pb_column][\/et_pb_row][\/et_pb_section][et_pb_section fb_built=&#8221;1&#8243; _builder_version=&#8221;4.24.0&#8243; _module_preset=&#8221;default&#8221; global_colors_info=&#8221;{}&#8221;][et_pb_row use_custom_gutter=&#8221;on&#8221; gutter_width=&#8221;1&#8243; _builder_version=&#8221;4.24.0&#8243; _module_preset=&#8221;default&#8221; width=&#8221;100%&#8221; max_width=&#8221;100%&#8221; global_colors_info=&#8221;{}&#8221;][et_pb_column type=&#8221;4_4&#8243; _builder_version=&#8221;4.24.0&#8243; _module_preset=&#8221;default&#8221; global_colors_info=&#8221;{}&#8221;][et_pb_gallery gallery_ids=&#8221;231,264,262,232,234,233,235,260&#8243; posts_number=&#8221;8&#8243; show_title_and_caption=&#8221;off&#8221; show_pagination=&#8221;off&#8221; zoom_icon_color=&#8221;#0079c0&#8243; hover_icon=&#8221;\ue005||divi||400&#8243; _builder_version=&#8221;4.24.0&#8243; _module_preset=&#8221;default&#8221; hover_enabled=&#8221;0&#8243; global_colors_info=&#8221;{}&#8221; sticky_enabled=&#8221;0&#8243;][\/et_pb_gallery][\/et_pb_column][\/et_pb_row][\/et_pb_section]<\/p>\n","protected":false},"excerpt":{"rendered":"<p>Metodolox\u00eda La metodolox\u00eda de ALADANZA ta inspirada en diverses disciplines educatives, corporales, art\u00edstiques y psicol\u00f3xiques . La Programaci\u00f3n Neurolling\u00fc\u00edstica (PNL) y la Hipnosis Eriksoniana. La PNL, creada polos psic\u00f3logu Richard Bandler y John Grinder, estudia los procesos de autoconocimiento, comunicaci\u00f3n, aprendizaxe y camb\u00e9u. Y Milton Erickson, m\u00e9dicu psiquiatra, incorpor\u00f3 a la hipnosis cl\u00e1sica nuevos elementos [&hellip;]<\/p>\n","protected":false},"author":1,"featured_media":0,"parent":0,"menu_order":0,"comment_status":"closed","ping_status":"closed","template":"","meta":{"_seopress_robots_primary_cat":"","_seopress_titles_title":"","_seopress_titles_desc":"","_seopress_robots_index":"","_et_pb_use_builder":"on","_et_pb_old_content":"","_et_gb_content_width":"","footnotes":""},"class_list":["post-344","page","type-page","status-publish","hentry"],"_links":{"self":[{"href":"https:\/\/aladanza.com\/ast-es\/wp-json\/wp\/v2\/pages\/344","targetHints":{"allow":["GET"]}}],"collection":[{"href":"https:\/\/aladanza.com\/ast-es\/wp-json\/wp\/v2\/pages"}],"about":[{"href":"https:\/\/aladanza.com\/ast-es\/wp-json\/wp\/v2\/types\/page"}],"author":[{"embeddable":true,"href":"https:\/\/aladanza.com\/ast-es\/wp-json\/wp\/v2\/users\/1"}],"replies":[{"embeddable":true,"href":"https:\/\/aladanza.com\/ast-es\/wp-json\/wp\/v2\/comments?post=344"}],"version-history":[{"count":0,"href":"https:\/\/aladanza.com\/ast-es\/wp-json\/wp\/v2\/pages\/344\/revisions"}],"wp:attachment":[{"href":"https:\/\/aladanza.com\/ast-es\/wp-json\/wp\/v2\/media?parent=344"}],"curies":[{"name":"wp","href":"https:\/\/api.w.org\/{rel}","templated":true}]}}