{"id":332,"date":"2024-02-21T18:19:45","date_gmt":"2024-02-21T18:19:45","guid":{"rendered":"https:\/\/aladanza.com\/politica-de-cookies\/"},"modified":"2024-02-27T18:20:09","modified_gmt":"2024-02-27T18:20:09","slug":"politica-de-cookies","status":"publish","type":"page","link":"https:\/\/aladanza.com\/ast-es\/politica-de-cookies\/","title":{"rendered":"Pol\u00edtica de cookies"},"content":{"rendered":"<p>[et_pb_section fb_built=&#8221;1&#8243; admin_label=&#8221;Header&#8221; _builder_version=&#8221;4.21.0&#8243; _module_preset=&#8221;default&#8221; custom_padding=&#8221;||0px||false|false&#8221; collapsed=&#8221;on&#8221; global_colors_info=&#8221;{}&#8221; theme_builder_area=&#8221;post_content&#8221;][et_pb_row _builder_version=&#8221;4.21.0&#8243; _module_preset=&#8221;default&#8221; global_colors_info=&#8221;{}&#8221; theme_builder_area=&#8221;post_content&#8221;][et_pb_column type=&#8221;4_4&#8243; _builder_version=&#8221;4.21.0&#8243; _module_preset=&#8221;default&#8221; global_colors_info=&#8221;{}&#8221; theme_builder_area=&#8221;post_content&#8221;][et_pb_text _builder_version=&#8221;4.24.0&#8243; _module_preset=&#8221;_initial&#8221; header_font=&#8221;Libre Franklin|300||on|||||&#8221; header_text_color=&#8221;#0079c0&#8243; header_font_size=&#8221;80px&#8221; header_line_height=&#8221;1.2em&#8221; hover_enabled=&#8221;0&#8243; header_font_size_tablet=&#8221;40px&#8221; header_font_size_phone=&#8221;24px&#8221; header_font_size_last_edited=&#8221;on|phone&#8221; global_colors_info=&#8221;{}&#8221; theme_builder_area=&#8221;post_content&#8221; sticky_enabled=&#8221;0&#8243;]<\/p>\n<h1>Pol\u00edtica de Cookies<\/h1>\n<p>[\/et_pb_text][\/et_pb_column][\/et_pb_row][\/et_pb_section][et_pb_section fb_built=&#8221;1&#8243; admin_label=&#8221;About&#8221; _builder_version=&#8221;4.21.0&#8243; _module_preset=&#8221;default&#8221; collapsed=&#8221;on&#8221; global_colors_info=&#8221;{}&#8221; theme_builder_area=&#8221;post_content&#8221;][et_pb_row _builder_version=&#8221;4.21.0&#8243; _module_preset=&#8221;default&#8221; global_colors_info=&#8221;{}&#8221; theme_builder_area=&#8221;post_content&#8221;][et_pb_column type=&#8221;4_4&#8243; _builder_version=&#8221;4.21.0&#8243; _module_preset=&#8221;default&#8221; global_colors_info=&#8221;{}&#8221; theme_builder_area=&#8221;post_content&#8221;][et_pb_text module_class=&#8221;pa-bullet-list-1&#8243; _builder_version=&#8221;4.24.0&#8243; _module_preset=&#8221;_initial&#8221; text_font=&#8221;Nunito Sans||||||||&#8221; text_font_size=&#8221;16px&#8221; text_line_height=&#8221;1.8em&#8221; hover_enabled=&#8221;0&#8243; text_font_size_tablet=&#8221;15px&#8221; text_font_size_phone=&#8221;14px&#8221; text_font_size_last_edited=&#8221;on|desktop&#8221; custom_css_free_form=&#8221;\/*bullet checklist by www.peeayecreative.com*\/||.pa-bullet-list-1 ul {||list-style-type: none!important;||}||||.pa-bullet-list-1 ul li:before {||content: &#8216;%9224&#8217;!important;||color: #0079c0;||font-family: &#8216;ETMODULES&#8217;!important;||margin-right: 10px;||margin-left: -29px;||font-size: 1.2em!important;||}||||.pa-bullet-list-1 ul li strong {|| text-transform: uppercase;||  font-weight: 300;||  color: #0079c0;||}||&#8221; global_colors_info=&#8221;{}&#8221; theme_builder_area=&#8221;post_content&#8221; sticky_enabled=&#8221;0&#8243;]<\/p>\n<p>Utilizamos Cookies propies y de terceros pa meyorar los nuestros servicios y amosa-y publicid\u00e1 rellacionada coles sos preferencies pente medies del an\u00e1lisis de los sos vezos de navegaci\u00f3n. Si sigue navegando, consideramos qu\u2019acepta\u2019l so usu. Puede obtener m\u00e1s informaci\u00f3n acerca de la nuestra Pol\u00edtica de Cookies accediendo al link del mesmu nome incluy\u00edu en toles nuestres p\u00e1xines de navegaci\u00f3n. <\/p>\n<ol>\n<li>Podemos atropar informaci\u00f3n sobre\u2019l so ordenador, incluy\u00edo, nel so casu, la so direcci\u00f3n IP, sistema operativu y tipu de navegador, pa l\u2019administraci\u00f3n del sistema. Tr\u00e1tase de datos estad\u00edsticos sobre c\u00f3mo navega pel nuestru sitiu Web.<\/li>\n<li>Pola mesma raz\u00f3n, podemos obtener informaci\u00f3n sobre\u2019l so usu xeneral na nuestra tienda pente medies d\u2019un archivu de cookies que s\u2019almacena nel discu duru del so ordenador. Les cookies contienen informaci\u00f3n que se transfier al discu duru del so ordenador. <\/li>\n<li>3. Les cookies ay\u00fadennos a meyorar el nuestru sitiu Web y a emprestar un serviciu meyor y m\u00e1s personaliz\u00e1u. En concreto, perm\u00edtennos:\n<ol>\n<li>1. Facer una estimaci\u00f3n sobre n\u00famberos y patrones d\u2019usu.<\/li>\n<li>Almacenar informaci\u00f3n acerca de les sos preferencies y personalizar el nuestru sitiu web de conformid\u00e1 colos sos intereses individuales.<\/li>\n<li>Acelerar les sos busques.<\/li>\n<li>Reconocela o reconocelu cuando vuelva al nuestru sitiu. <\/li>\n<\/ol>\n<\/li>\n<li>Puede negase a aceptar cookies activando la configuraci\u00f3n nel so navegador que permite rechazar les cookies. Sicas\u00ed, si escueye esta configuraci\u00f3n, igual nun puede acceder a determinaes partes del Sitiu Web o nun puede aprovechase de dalg\u00fan de los nuestros servicios. A menos qu\u2019axustara la configuraci\u00f3n del so navegador de forma que refugue cookies, el nuestru sistema va producir cookies cuando se conecte al nuestru sitiu.<\/li>\n<li>\u00bfC\u00f3mo puedo desactivar les cookies? La mayor\u00eda de los navegadores indiquen c\u00f3mo configurar el so navegador pa que nun acepte cookies, pa que-y notifique cada vez que reciba una cookie nueva, am\u00e1s de pa desactivales dafechu. Pa controlar qu\u00e9 usu quier que se faiga de la so informaci\u00f3n, puede configurar el navegador del so terminal na forma qu\u2019estime m\u00e1s afayadiza pa ust\u00e9. Indic\u00e1mos-y los enllaces que siguen, onde va poder alcontrar m\u00e1s informaci\u00f3n sobre los diferentes navegadores:\n<ol>\n<li> <span style=\"font-weight: 400;\"> Chrome: <\/span><a href=\"https:\/\/www.google.es\/intl\/es\/policies\/technologies\/managing\/\"><span style=\"font-weight: 400;\">https:\/\/www.google.es\/intl\/es\/policies\/technologies\/managing\/<\/span><\/a><\/li>\n<li>Explorer: <a href=\"https:\/\/support.microsoft.com\/es-es\/help\/17442\/windows-internet-explorer-delete-manage-cookies\"><span>https:\/\/support.microsoft.com\/es-es\/help\/17442\/windows-internet-explorer-delete-manage-cookies<\/span><\/a><\/li>\n<li>Firefox: <a href=\"http:\/\/support.mozilla.org\/es\/kb\/habilitar-y-deshabilitar-cookies-que-lossitios-we\"><span>http:\/\/support.mozilla.org\/es\/kb\/habilitar-y-deshabilitar-cookies-que-lossitios-we<\/span><\/a><\/li>\n<li>Safari: <a href=\"https:\/\/support.apple.com\/kb\/PH19214?viewlocale=es_ES&amp;locale=es_ES\"><span>https:\/\/support.apple.com\/kb\/PH19214?viewlocale=es_ES&amp;locale=es_ES<\/span><\/a><\/li>\n<li><span style=\"font-weight: 400;\"> Opera: http:\/\/www.opera.com\/help\/tutorials\/security\/privacy\/ <\/span><\/li>\n<\/ol>\n<\/li>\n<\/ol>\n<ol start=\"5\"><\/ol>\n<p><span style=\"font-weight: 400;\">Si nun quier que lu o la rastreen les cookies de Google Analytics, Google tien desarroll\u00e1u un complementu pa instalar nel so navegador al que puede acceder nel enllaz que sigue: <a href=\"http:\/\/goo.gl\/up4ND.\">http:\/\/goo.gl\/up4ND. <\/a> <\/span><\/p>\n<ol start=\"3\"><\/ol>\n<p>[\/et_pb_text][\/et_pb_column][\/et_pb_row][\/et_pb_section]<\/p>\n","protected":false},"excerpt":{"rendered":"<p>Pol\u00edtica de CookiesUtilizamos Cookies propies y de terceros pa meyorar los nuestros servicios y amosa-y publicid\u00e1 rellacionada coles sos preferencies pente medies del an\u00e1lisis de los sos vezos de navegaci\u00f3n. Si sigue navegando, consideramos qu\u2019acepta\u2019l so usu. Puede obtener m\u00e1s informaci\u00f3n acerca de la nuestra Pol\u00edtica de Cookies accediendo al link del mesmu nome incluy\u00edu [&hellip;]<\/p>\n","protected":false},"author":1,"featured_media":0,"parent":0,"menu_order":0,"comment_status":"closed","ping_status":"closed","template":"","meta":{"_seopress_robots_primary_cat":"","_seopress_titles_title":"","_seopress_titles_desc":"","_seopress_robots_index":"","_et_pb_use_builder":"on","_et_pb_old_content":"","_et_gb_content_width":"","footnotes":""},"class_list":["post-332","page","type-page","status-publish","hentry"],"_links":{"self":[{"href":"https:\/\/aladanza.com\/ast-es\/wp-json\/wp\/v2\/pages\/332","targetHints":{"allow":["GET"]}}],"collection":[{"href":"https:\/\/aladanza.com\/ast-es\/wp-json\/wp\/v2\/pages"}],"about":[{"href":"https:\/\/aladanza.com\/ast-es\/wp-json\/wp\/v2\/types\/page"}],"author":[{"embeddable":true,"href":"https:\/\/aladanza.com\/ast-es\/wp-json\/wp\/v2\/users\/1"}],"replies":[{"embeddable":true,"href":"https:\/\/aladanza.com\/ast-es\/wp-json\/wp\/v2\/comments?post=332"}],"version-history":[{"count":0,"href":"https:\/\/aladanza.com\/ast-es\/wp-json\/wp\/v2\/pages\/332\/revisions"}],"wp:attachment":[{"href":"https:\/\/aladanza.com\/ast-es\/wp-json\/wp\/v2\/media?parent=332"}],"curies":[{"name":"wp","href":"https:\/\/api.w.org\/{rel}","templated":true}]}}