{"id":314,"date":"2024-02-21T18:19:35","date_gmt":"2024-02-21T18:19:35","guid":{"rendered":"https:\/\/aladanza.com\/avisu-llegal\/"},"modified":"2024-03-05T23:52:30","modified_gmt":"2024-03-05T23:52:30","slug":"avisu-llegal","status":"publish","type":"page","link":"https:\/\/aladanza.com\/ast-es\/avisu-llegal\/","title":{"rendered":"Avisu Llegal"},"content":{"rendered":"<p>[et_pb_section fb_built=&#8221;1&#8243; admin_label=&#8221;Header&#8221; _builder_version=&#8221;4.21.0&#8243; _module_preset=&#8221;default&#8221; custom_padding=&#8221;||0px||false|false&#8221; collapsed=&#8221;on&#8221; global_colors_info=&#8221;{}&#8221;][et_pb_row _builder_version=&#8221;4.21.0&#8243; _module_preset=&#8221;default&#8221; global_colors_info=&#8221;{}&#8221;][et_pb_column type=&#8221;4_4&#8243; _builder_version=&#8221;4.21.0&#8243; _module_preset=&#8221;default&#8221; global_colors_info=&#8221;{}&#8221;][et_pb_text _builder_version=&#8221;4.24.0&#8243; _module_preset=&#8221;_initial&#8221; header_font=&#8221;Libre Franklin|300||on|||||&#8221; header_text_color=&#8221;#0079c0&#8243; header_font_size=&#8221;80px&#8221; header_line_height=&#8221;1.2em&#8221; hover_enabled=&#8221;0&#8243; header_font_size_tablet=&#8221;40px&#8221; header_font_size_phone=&#8221;24px&#8221; header_font_size_last_edited=&#8221;on|phone&#8221; global_colors_info=&#8221;{}&#8221; sticky_enabled=&#8221;0&#8243;]<\/p>\n<h1>Avisu Llegal<\/h1>\n<p>[\/et_pb_text][\/et_pb_column][\/et_pb_row][\/et_pb_section][et_pb_section fb_built=&#8221;1&#8243; admin_label=&#8221;About&#8221; _builder_version=&#8221;4.21.0&#8243; _module_preset=&#8221;default&#8221; collapsed=&#8221;on&#8221; global_colors_info=&#8221;{}&#8221;][et_pb_row _builder_version=&#8221;4.21.0&#8243; _module_preset=&#8221;default&#8221; global_colors_info=&#8221;{}&#8221;][et_pb_column type=&#8221;4_4&#8243; _builder_version=&#8221;4.21.0&#8243; _module_preset=&#8221;default&#8221; global_colors_info=&#8221;{}&#8221;][et_pb_text module_class=&#8221;pa-bullet-list-1&#8243; _builder_version=&#8221;4.24.0&#8243; _module_preset=&#8221;_initial&#8221; text_font=&#8221;Nunito Sans||||||||&#8221; text_font_size=&#8221;16px&#8221; text_line_height=&#8221;1.8em&#8221; text_font_size_tablet=&#8221;15px&#8221; text_font_size_phone=&#8221;14px&#8221; text_font_size_last_edited=&#8221;on|desktop&#8221; custom_css_free_form=&#8221;\/*bullet checklist by www.peeayecreative.com*\/||.pa-bullet-list-1 ul {||list-style-type: none!important;||}||||.pa-bullet-list-1 ul li:before {||content: &#8216;%9224&#8217;!important;||color: #0079c0;||font-family: &#8216;ETMODULES&#8217;!important;||margin-right: 10px;||margin-left: -29px;||font-size: 1.2em!important;||}||||.pa-bullet-list-1 ul li strong {|| text-transform: uppercase;||  font-weight: 300;||  color: #0079c0;||}||&#8221; global_colors_info=&#8221;{}&#8221;]<\/p>\n<p><span style=\"font-weight: 400;\">El dominiu www.aladanza.com ye titularid\u00e1 de Rosa Mar\u00eda Cuervo Jim\u00e9nez, con CIF 10888405K, titular de los derechos de propied\u00e1 intelectual sobre les Webs y los sos conten\u00edos, ensin perxuiciu de los derechos llex\u00edtimos de terceros. <\/span><\/p>\n<p><span style=\"font-weight: 400;\">La titular ta provista de NIF: 10888405K y tinel so domiciliu a los efectos del presente Avisu Llegal, en C\/ Cortes de C\u00e1diz, 5 &#8211; Xix\u00f3n, Asturies. Puede ponerse en contactu con n\u00f3s nel siguiente corr\u00e9u electr\u00f3nicu: info@aladanza.com. <\/span><\/p>\n<p><b>T\u00e9rminos y condiciones<\/b><b> <\/b><\/p>\n<p><span style=\"font-weight: 400;\">La persona usuaria accede voluntaria a esti sitiu web. L\u2019accesu y navegaci\u00f3n nesti sitiu web implica aceptar y conocer les advertencies llegales, condiciones y t\u00e9rminos d\u2019usu conten\u00edos nella. El simple accesu nun implica l\u2019establecimientu de neng\u00fan tipu de rellaci\u00f3n comercial ente Rosa Mar\u00eda Cuervo Jim\u00e9nez y la persona usuaria. <\/span><\/p>\n<p><span style=\"font-weight: 400;\">L\u2019Avisu Llegal y\/o les Condiciones de los servicios emprestaos al travi\u00e9s del presente sitiu web, van poder sufrir modificaciones de cualesquier tipu, cuando Rosa Mar\u00eda Cuervo Jim\u00e9nez lo considere oportuno o cola finalid\u00e1 d\u2019adecuase a los cambios llexislativos y tecnol\u00f3xicos futuros. Estes modificaciones van notificase convenientemente siendo v\u00e1lides dende la so publicaci\u00f3n nesti sitiu web, sacante manifestaci\u00f3n en contrario. <\/span><\/p>\n<p><span style=\"font-weight: 400;\">Rosa Mar\u00eda Cuervo Jim\u00e9nez res\u00e9rvase\u2019l derechu a suspender o cancelar l\u2019accesu nel casu de que s\u2019utilice pa incumplir cualesquier llei aplicable o les normes d\u2019usu habituales n\u2019internet, o bien si s\u2019utiliza\u2019l so dominiu en rellaci\u00f3n con una activid\u00e1 illegal, am\u00e1s de si se recibe notificaci\u00f3n nesi sent\u00edu emitida por una autorid\u00e1 competente o nos dem\u00e1s supuestos contemplaos pola llexislaci\u00f3n vixente. <\/span><\/p>\n<p><span style=\"font-weight: 400;\">Les persones usuaries, na utilizaci\u00f3n del sitiu web y de los servicios venceyaos al mesmu, habr\u00e1n respetar les obligaciones que siguen: <\/span><\/p>\n<ul>\n<li style=\"font-weight: 400;\" aria-level=\"1\"><span style=\"font-weight: 400;\">Non introducir, almacenar o difundir pente medies del sitiu web o al travi\u00e9s de cualesquiera de los servicios venceyaos al mesmu neng\u00fan programa d\u2019ordenador, datu, virus, c\u00f3digu, o cualesquier otru instrumentu o dispositivu electr\u00f3nicu que seya susceptible de causar da\u00f1os nel sitiu web, en cualesquiera de los servicios venceyaos al mesmu o en cualesquiera equipos, sistemes o redes de la titular del dominiu, de cualesquier persona usuaria, de les o los sos proveedores o en xeneral de cualesquier terceru, o que d\u2019otra forma seya capaz de causa-yos cualesquier tipu d\u2019alteraci\u00f3n o impedir el normal funcionamientu del mesmu. <\/span><\/li>\n<li style=\"font-weight: 400;\" aria-level=\"1\"><span style=\"font-weight: 400;\">Non destruir, alterar, inutilizar o da\u00f1ar los datos, informaciones, programes o documentos electr\u00f3nicos de la titular del dominiu, de les o los sos proveedores o de terceros. <\/span><\/li>\n<li style=\"font-weight: 400;\" aria-level=\"1\"><span style=\"font-weight: 400;\">Non utilizar los conten\u00edos y en particular la informaci\u00f3n obtenida al travi\u00e9s del sitiu web pa remitir publicid\u00e1, unviar mensaxes con fines de venta o con cualesquier otru fin comercial, nin pa recoyer o almacenar datos personales de terceros. <\/span><\/li>\n<li style=\"font-weight: 400;\" aria-level=\"1\"><span style=\"font-weight: 400;\">Habr\u00e1n astenese d\u2019eludir o manipular cualesquiera dispositivos t\u00e9cnicos establec\u00edos, y\u00e1 seya nel sitiu web, en cualesquiera de los servicios o en cualesquiera de los materiales, elementos o informaci\u00f3n obten\u00edos al travi\u00e9s del mesmu, pa la protecci\u00f3n de los sos derechos.<\/span><\/li>\n<li style=\"font-weight: 400;\" aria-level=\"1\"><span style=\"font-weight: 400;\">Habr\u00e1n astenese de suprimir los signos identificativos de los derechos (de propied\u00e1 intelectual, industrial o cualesquier otru) de la titular del dominiu o de los terceros que figuren nel sitiu web y en ca\u00fan de los diversos servicios ofrec\u00edos al travi\u00e9s d\u2019\u00e9l. <\/span><\/li>\n<li style=\"font-weight: 400;\" aria-level=\"1\"><span style=\"font-weight: 400;\">Han astenese de realizar cualesquier actuaci\u00f3n que pudiera resultar nuna desviaci\u00f3n de tr\u00e1ficu del sitiu web. <\/span><\/li>\n<\/ul>\n<p>&nbsp;<\/p>\n<p><b>Productos y\/o servicios <\/b><\/p>\n<p><span style=\"font-weight: 400;\">Rosa Mar\u00eda Cuervo Jim\u00e9nez ofrez determinaos servicios\/productos a les persones usuaries, somet\u00edos a los t\u00e9rminos y condiciones indicados nel presente sitiu web, debiendo la persona usuaria lleer con atenci\u00f3n les condiciones que s\u2019apliquen a cada serviciu, qu\u2019en neng\u00fan casu van eximir, sacante manifestaci\u00f3n espresa en contrario, del cumplimientu de lo espresao nel Avisu Llegal. <\/span><\/p>\n<p>&nbsp;<\/p>\n<p><b>Conten\u00edos <\/b><\/p>\n<p><span style=\"font-weight: 400;\">Rosa Mar\u00eda Cuervo Jim\u00e9nez fai los m\u00e1ximos esfuerzos pa evitar errores nos conten\u00edos que se publiquen nel sitiu web. Tolos conten\u00edos que s\u2019ofrecen al travi\u00e9s del sitiu web t\u00e1n actualizaos, reserv\u00e1ndose Rosa Mar\u00eda Cuervo Jim\u00e9nez la facult\u00e1 de poder modificalos en cualesquier momentu. <\/span><\/p>\n<p><span style=\"font-weight: 400;\">Rosa Mar\u00eda Cuervo Jim\u00e9nez nun se responsabiliza de les consecuencies que puedan derivase de los errores nos conten\u00edos proporcionaos por terceros que puedan apaecer nesti sitiu web. Rosa Mar\u00eda Cuervo Jim\u00e9nez ofrez enllaces, directa o indirectamente, a recursos o sitios d\u2019Internet que t\u00e1n fuera del presente sitiu web. La presencia d\u2019estos enllaces nel sitiu web tien una finalid\u00e1 informativa. <\/span><\/p>\n<p><b>Limitaci\u00f3n de responsabilid\u00e1 <\/b><\/p>\n<p><span style=\"font-weight: 400;\">Nun se garantiza que los servicios del sitiu Web seyan ininterrump\u00edos, oportunos, seguros o llibres d\u2019error, nin s\u2019ofrez nenguna garant\u00eda con respectu a los resultaos que se puedan obtener del usu de los servicios o de la precisi\u00f3n o fiabilid\u00e1 de cualesquier informaci\u00f3n obtenida. Nun se controlen, nin se faen propios, nin se garantiza la exactit\u00fa, calid\u00e1, veracid\u00e1, fiabilid\u00e1 o idoneid\u00e1 de les informaciones y servicios facilitaos o emprestados por terceros al travi\u00e9s del sitiu Web. D\u2019igual forma, nun se controla y nun se garantiza l\u2019ausencia de virus o otros elementos lesivos nos conten\u00edos o servicios facilitaos o emprestados por terceros al travi\u00e9s del sitiu Web. <\/span><\/p>\n<p>&nbsp;<\/p>\n<p><span style=\"font-weight: 400;\">Rosa Mar\u00eda Cuervo Jim\u00e9nez tampoco nun se responsabiliza del conten\u00edu de los sitios web a los qu\u2019enllaza fuera de la so p\u00e1xina. Tampoco nun ser\u00e1 responsable de cualesquier da\u00f1u o p\u00e9rdida que pueda surxir pola conex\u00f3n o pol usu de cualesquier conten\u00edu, productu o serviciu disponible nos sitios web a los que se dirixan los enllaces. Rosa Mar\u00eda Cuervo Jim\u00e9nez nun puede garantizar la disponibilid\u00e1 y el correctu funcionamientu de los enllaces a otros sitios web. <\/span><\/p>\n<p>&nbsp;<\/p>\n<p><b>Propied\u00e1 intelectual y industrial <\/b><\/p>\n<p><span style=\"font-weight: 400;\">Esti sitiu web y los conten\u00edos qu\u2019agospia t\u00e1n protex\u00edos pola llexislaci\u00f3n vixente en materia de propied\u00e1 intelectual. Proh\u00edbese la modificaci\u00f3n, copia, reproducci\u00f3n, descarga, tresmisi\u00f3n, distribuci\u00f3n o tresformaci\u00f3n de los conten\u00edos del Portal, si nun se tien l\u2019autorizaci\u00f3n del titular de los correspondientes derechos o ta llegalmente permit\u00edo. Proh\u00edbese la modificaci\u00f3n, copia, reproducci\u00f3n, descarga, tresmisi\u00f3n, distribuci\u00f3n o tresformaci\u00f3n de los conten\u00edos del Portal, si nun se tien l\u2019autorizaci\u00f3n del titular de los correspondientes derechos o ta llegalmente permit\u00edo <\/span><\/p>\n<p><span style=\"font-weight: 400;\">Les referencies a marques comerciales o marques rexistraes o signos distintivos, y\u00e1 seyan titularid\u00e1 de Rosa Mar\u00eda Cuervo Jim\u00e9nez o de terceres empreses, lleven impl\u00edcites la prohibici\u00f3n sobre\u2019l so usu ensin el consentimientu de Rosa Mar\u00eda Cuervo Jim\u00e9nez o los sos propietarios llex\u00edtimos. En neng\u00fan momentu, sacante manifestaci\u00f3n espresa l\u2019accesu o usu del Portal y\/o de los sos conten\u00edos, va da-y a la persona usuaria derechu dalg\u00fan sobre les marques, logos, y\/o signos distintivos n\u00e9l incluy\u00edos protex\u00edos por Llei. <\/span><\/p>\n<ol start=\"3\"><\/ol>\n<p>[\/et_pb_text][\/et_pb_column][\/et_pb_row][\/et_pb_section]<\/p>\n","protected":false},"excerpt":{"rendered":"<p>Avisu Llegal El dominiu www.aladanza.com ye titularid\u00e1 de Rosa Mar\u00eda Cuervo Jim\u00e9nez, con CIF 10888405K, titular de los derechos de propied\u00e1 intelectual sobre les Webs y los sos conten\u00edos, ensin perxuiciu de los derechos llex\u00edtimos de terceros. La titular ta provista de NIF: 10888405K y tinel so domiciliu a los efectos del presente Avisu Llegal, [&hellip;]<\/p>\n","protected":false},"author":1,"featured_media":0,"parent":0,"menu_order":0,"comment_status":"closed","ping_status":"closed","template":"","meta":{"_seopress_robots_primary_cat":"","_seopress_titles_title":"","_seopress_titles_desc":"","_seopress_robots_index":"","_et_pb_use_builder":"on","_et_pb_old_content":"","_et_gb_content_width":"","footnotes":""},"class_list":["post-314","page","type-page","status-publish","hentry"],"_links":{"self":[{"href":"https:\/\/aladanza.com\/ast-es\/wp-json\/wp\/v2\/pages\/314","targetHints":{"allow":["GET"]}}],"collection":[{"href":"https:\/\/aladanza.com\/ast-es\/wp-json\/wp\/v2\/pages"}],"about":[{"href":"https:\/\/aladanza.com\/ast-es\/wp-json\/wp\/v2\/types\/page"}],"author":[{"embeddable":true,"href":"https:\/\/aladanza.com\/ast-es\/wp-json\/wp\/v2\/users\/1"}],"replies":[{"embeddable":true,"href":"https:\/\/aladanza.com\/ast-es\/wp-json\/wp\/v2\/comments?post=314"}],"version-history":[{"count":0,"href":"https:\/\/aladanza.com\/ast-es\/wp-json\/wp\/v2\/pages\/314\/revisions"}],"wp:attachment":[{"href":"https:\/\/aladanza.com\/ast-es\/wp-json\/wp\/v2\/media?parent=314"}],"curies":[{"name":"wp","href":"https:\/\/api.w.org\/{rel}","templated":true}]}}